{"id":557,"date":"2021-03-21T17:31:50","date_gmt":"2021-03-21T16:31:50","guid":{"rendered":"https:\/\/kirsch.gallery\/?page_id=557"},"modified":"2021-11-28T16:49:04","modified_gmt":"2021-11-28T15:49:04","slug":"startseite","status":"publish","type":"page","link":"https:\/\/kirsch.gallery\/de\/","title":{"rendered":"Startseite"},"content":{"rendered":"\n\t<div id=\"gap-1318120220\" class=\"gap-element clearfix\" style=\"display:block; height:auto;\">\n\t\t\n<style>\n#gap-1318120220 {\n  padding-top: 160px;\n}\n@media (min-width:550px) {\n  #gap-1318120220 {\n    padding-top: 160px;\n  }\n}\n<\/style>\n\t<\/div>\n\t\n\n\t<section class=\"section\" id=\"section_1273416228\">\n\t\t<div class=\"bg section-bg fill bg-fill  bg-loaded\" >\n\n\t\t\t\n\t\t\t\n\t\t\t\n\n\t\t<\/div>\n\n\t\t<div class=\"section-content relative\">\n\t\t\t\n\n<div class=\"row align-right\"  id=\"row-693680810\">\n\n\n\t<div id=\"col-711252234\" class=\"col medium-12 small-12 large-10\"  >\n\t\t<div class=\"col-inner\"  >\n\t\t\t\n\t\t\t\n\n\n  <div class=\"banner has-hover\" id=\"banner-49949874\">\n          <div class=\"banner-inner fill\">\n        <div class=\"banner-bg fill\" >\n            <div class=\"bg fill bg-fill \"><\/div>\n                                    \n                    <\/div>\n        <div class=\"banner-layers container\">\n            <div class=\"fill banner-link\"><\/div>            \n\n   <div id=\"text-box-1133549068\" class=\"text-box banner-layer x50 md-x50 lg-x50 y50 md-y50 lg-y50 res-text\">\n                                <div class=\"text-box-content text dark\">\n              \n              <div class=\"text-inner text-center\">\n                  \n\n\n              <\/div>\n           <\/div>\n                            \n<style>\n#text-box-1133549068 {\n  width: 60%;\n}\n#text-box-1133549068 .text-box-content {\n  font-size: 100%;\n}\n<\/style>\n    <\/div>\n \n\n        <\/div>\n      <\/div>\n\n            \n<style>\n#banner-49949874 {\n  padding-top: 65%;\n  background-color: rgba(255, 255, 255, 0);\n}\n#banner-49949874 .bg.bg-loaded {\n  background-image: url(https:\/\/kirsch.gallery\/wp-content\/uploads\/image0-1440x960.jpeg);\n}\n@media (min-width:550px) {\n  #banner-49949874 {\n    padding-top: 100%;\n  }\n}\n@media (min-width:850px) {\n  #banner-49949874 {\n    padding-top: 70%;\n  }\n}\n<\/style>\n  <\/div>\n\n\n\n\t\t<\/div>\n\t\t\t<\/div>\n\n\t\n\n<\/div>\n<div class=\"row\"  id=\"row-250900247\">\n\n\n\t<div id=\"col-783348343\" class=\"col medium-11 small-12 large-5\"  >\n\t\t<div class=\"col-inner\" style=\"background-color:rgb(255, 255, 255);\" >\n\t\t\t\n\t\t\t\n\n\t<div id=\"text-3851011683\" class=\"text\">\n\t\t\n\n<h3>Ich m\u00f6chte Kunst neu erfinden und eine einzigartige, freie Form schaffen \u2013 ich m\u00f6chte dem Betrachter meiner Werke das Gef\u00fchl vermitteln, das Unm\u00f6gliche m\u00f6glich zu machen.<\/h3>\n\t\t\n<style>\n#text-3851011683 {\n  font-size: 1.75rem;\n  line-height: 1.25;\n}\n@media (min-width:550px) {\n  #text-3851011683 {\n    font-size: 2.25rem;\n  }\n}\n@media (min-width:850px) {\n  #text-3851011683 {\n    font-size: 2.5rem;\n    line-height: 1.125;\n  }\n}\n<\/style>\n\t<\/div>\n\t\n<a href=\"\/works\" target=\"_self\" class=\"button primary is-link\"  >\n    <span>Entdecke meine Kunst<\/span>\n  <\/a>\n\n\n\n\t\t<\/div>\n\t\t\n<style>\n#col-783348343 > .col-inner {\n  padding: 16px 16px 16px 16px;\n  margin: -25px 0px 0px 0px;\n}\n@media (min-width:550px) {\n  #col-783348343 > .col-inner {\n    padding: 8% 5% 5% 5%;\n    margin: -470px 0px 0px 40px;\n  }\n}\n@media (min-width:850px) {\n  #col-783348343 > .col-inner {\n    padding: 9% 8% 8% 0px;\n    margin: -500px 0px 0px 0px;\n  }\n}\n<\/style>\n\t<\/div>\n\n\t\n\n\n<style>\n#row-250900247 > .col > .col-inner {\n  padding: 10px 0px 100px 0px;\n}\n@media (min-width:550px) {\n  #row-250900247 > .col > .col-inner {\n    padding: 24px 23px 100px 24px;\n  }\n}\n@media (min-width:850px) {\n  #row-250900247 > .col > .col-inner {\n    padding: 16px 16px 220px 16px;\n  }\n}\n<\/style>\n<\/div>\n\n\t\t<\/div>\n\n\t\t\n<style>\n#section_1273416228 {\n  padding-top: 0px;\n  padding-bottom: 0px;\n  margin-bottom: -41px;\n  min-height: 0px;\n}\n@media (min-width:550px) {\n  #section_1273416228 {\n    padding-top: 0px;\n    padding-bottom: 0px;\n  }\n}\n@media (min-width:850px) {\n  #section_1273416228 {\n    padding-top: 0px;\n    padding-bottom: 0px;\n  }\n}\n<\/style>\n\t<\/section>\n\t\n\n","protected":false},"excerpt":{"rendered":"","protected":false},"author":1,"featured_media":0,"parent":0,"menu_order":0,"comment_status":"closed","ping_status":"open","template":"page-transparent-header.php","meta":{"footnotes":""},"class_list":["post-557","page","type-page","status-publish","hentry"],"yoast_head":"<!-- This site is optimized with the Yoast SEO plugin v16.0.2 - https:\/\/yoast.com\/wordpress\/plugins\/seo\/ -->\n<title>Startseite - Susanne Kirsch \u2013 Painter and Artist based in Frankfurt, Germany<\/title>\n<link rel=\"canonical\" href=\"https:\/\/kirsch.gallery\/de\/\" \/>\n<meta property=\"og:locale\" content=\"de_DE\" \/>\n<meta property=\"og:type\" content=\"article\" \/>\n<meta property=\"og:title\" content=\"Startseite - Susanne Kirsch \u2013 Painter and Artist based in Frankfurt, Germany\" \/>\n<meta property=\"og:url\" content=\"https:\/\/kirsch.gallery\/de\/\" \/>\n<meta property=\"og:site_name\" content=\"Susanne Kirsch \u2013 Painter and Artist based in Frankfurt, Germany\" \/>\n<meta property=\"article:modified_time\" content=\"2021-11-28T15:49:04+00:00\" \/>\n<meta name=\"twitter:card\" content=\"summary_large_image\" \/>\n<meta name=\"twitter:label1\" content=\"Gesch\u00e4tzte Lesezeit\">\n\t<meta name=\"twitter:data1\" content=\"1\u00a0Minute\">\n<script type=\"application\/ld+json\" class=\"yoast-schema-graph\">{\"@context\":\"https:\/\/schema.org\",\"@graph\":[{\"@type\":\"WebSite\",\"@id\":\"https:\/\/kirsch.gallery\/#website\",\"url\":\"https:\/\/kirsch.gallery\/\",\"name\":\"Susanne Kirsch \\u2013 Painter and Artist based in Frankfurt, Germany\",\"description\":\"Painter and Artist based in Frankfurt, Germany\",\"potentialAction\":[{\"@type\":\"SearchAction\",\"target\":\"https:\/\/kirsch.gallery\/?s={search_term_string}\",\"query-input\":\"required name=search_term_string\"}],\"inLanguage\":\"de\"},{\"@type\":\"WebPage\",\"@id\":\"https:\/\/kirsch.gallery\/de\/#webpage\",\"url\":\"https:\/\/kirsch.gallery\/de\/\",\"name\":\"Startseite - Susanne Kirsch \\u2013 Painter and Artist based in Frankfurt, Germany\",\"isPartOf\":{\"@id\":\"https:\/\/kirsch.gallery\/#website\"},\"datePublished\":\"2021-03-21T16:31:50+00:00\",\"dateModified\":\"2021-11-28T15:49:04+00:00\",\"breadcrumb\":{\"@id\":\"https:\/\/kirsch.gallery\/de\/#breadcrumb\"},\"inLanguage\":\"de\",\"potentialAction\":[{\"@type\":\"ReadAction\",\"target\":[\"https:\/\/kirsch.gallery\/de\/\"]}]},{\"@type\":\"BreadcrumbList\",\"@id\":\"https:\/\/kirsch.gallery\/de\/#breadcrumb\",\"itemListElement\":[{\"@type\":\"ListItem\",\"position\":1,\"item\":{\"@type\":\"WebPage\",\"@id\":\"https:\/\/kirsch.gallery\/de\/\",\"url\":\"https:\/\/kirsch.gallery\/de\/\",\"name\":\"Startseite\"}},{\"@type\":\"ListItem\",\"position\":2,\"item\":{\"@type\":\"WebPage\",\"@id\":\"https:\/\/kirsch.gallery\/de\/\",\"url\":\"https:\/\/kirsch.gallery\/de\/\",\"name\":\"Startseite\"}}]}]}<\/script>\n<!-- \/ Yoast SEO plugin. -->","_links":{"self":[{"href":"https:\/\/kirsch.gallery\/de\/wp-json\/wp\/v2\/pages\/557","targetHints":{"allow":["GET"]}}],"collection":[{"href":"https:\/\/kirsch.gallery\/de\/wp-json\/wp\/v2\/pages"}],"about":[{"href":"https:\/\/kirsch.gallery\/de\/wp-json\/wp\/v2\/types\/page"}],"author":[{"embeddable":true,"href":"https:\/\/kirsch.gallery\/de\/wp-json\/wp\/v2\/users\/1"}],"replies":[{"embeddable":true,"href":"https:\/\/kirsch.gallery\/de\/wp-json\/wp\/v2\/comments?post=557"}],"version-history":[{"count":4,"href":"https:\/\/kirsch.gallery\/de\/wp-json\/wp\/v2\/pages\/557\/revisions"}],"predecessor-version":[{"id":1211,"href":"https:\/\/kirsch.gallery\/de\/wp-json\/wp\/v2\/pages\/557\/revisions\/1211"}],"wp:attachment":[{"href":"https:\/\/kirsch.gallery\/de\/wp-json\/wp\/v2\/media?parent=557"}],"curies":[{"name":"wp","href":"https:\/\/api.w.org\/{rel}","templated":true}]}}